{"id":361,"date":"2020-10-23T16:37:10","date_gmt":"2020-10-23T16:37:10","guid":{"rendered":"https:\/\/demo.casethemes.net\/bixol\/?page_id=361"},"modified":"2024-05-20T00:04:14","modified_gmt":"2024-05-20T00:04:14","slug":"portfolio-grid-4-columns","status":"publish","type":"page","link":"https:\/\/meli-entretient.ca\/fr\/portfolio-grid-4-columns\/","title":{"rendered":"Notre Portfolio"},"content":{"rendered":"\t\t<div data-elementor-type=\"wp-page\" data-elementor-id=\"361\" class=\"elementor elementor-361\">\n\t\t\t\t        <section class=\"elementor-section elementor-top-section elementor-element elementor-element-6aee072a elementor-section-content-middle elementor-section-boxed elementor-section-height-default elementor-section-height-default ct-header-fixed-none\" data-id=\"6aee072a\" data-element_type=\"section\" data-e-type=\"section\">\n            \n                        <div class=\"elementor-container elementor-column-gap-extended \">\n                    <div class=\"elementor-column elementor-col-50 elementor-top-column elementor-element elementor-element-3acd0bb2\" data-id=\"3acd0bb2\" data-element_type=\"column\" data-e-type=\"column\">\n        <div class=\"elementor-widget-wrap elementor-element-populated\">\n                    \n        \t\t<div class=\"elementor-element elementor-element-2cc356da elementor-widget elementor-widget-ct_heading\" data-id=\"2cc356da\" data-element_type=\"widget\" data-e-type=\"widget\" data-widget_type=\"ct_heading.default\">\n\t\t\t\t<div class=\"elementor-widget-container\">\n\t\t\t\t\t<div id=\"ct_heading-2cc356da\" class=\"ct-heading h-align- ct-heading-left item-st-default\">\r\n\t<div class=\"ct-heading--inner\">\r\n        <div class=\"ct-inline-css\"  data-css=\"\r\n            \">\r\n        <\/div>\r\n            \t\t<div class=\"item--sub-title st-default \" data-wow-delay=\"ms\">\r\n                <div class=\"item--sub-title-inner\">\r\n                                            <div class=\"icon-sub-title\">\r\n                            <svg version=\"1.0\" xmlns=\"http:\/\/www.w3.org\/2000\/svg\" viewBox=\"0 0 382.000000 382.000000\" preserveAspectRatio=\"xMidYMid meet\">\r\n                                <defs>\r\n                                    <linearGradient id=\"sub-icon1\" x1=\"0%\" y1=\"0%\" x2=\"0%\" y2=\"100%\">\r\n                                          <stop offset=\"0%\" style=\"stop-color:#0431b8;stop-opacity:1\" \/>\r\n                                          <stop offset=\"100%\" style=\"stop-color:#22d3ee;stop-opacity:1\" \/>\r\n                                    <\/linearGradient>\r\n                                  <\/defs>\r\n                                <g fill=\"url(#sub-icon1)\" transform=\"translate(0.000000,382.000000) scale(0.100000,-0.100000)\" fill=\"#000000\" stroke=\"none\"><path d=\"M1856 3797 c-20 -20 -23 -36 -29 -142 -50 -901 -761 -1612 -1662 -1662 -106 -6 -122 -9 -142 -29 -30 -30 -30 -78 0 -108 20 -20 36 -23 142 -29 901 -50 1612 -761 1662 -1662 6 -106 9 -122 29 -142 30 -30 78 -30 108 0 20 20 23 36 29 142 50 901 761 1612 1662 1662 106 6 122 9 142 29 30 30 30 78 0 108 -20 20 -36 23 -142 29 -901 50 -1612 761 -1662 1662 -6 106 -9 122 -29 142 -14 14 -35 23 -54 23 -19 0 -40 -9 -54 -23z\"\/><\/g>\r\n                            <\/svg>\r\n                            <svg version=\"1.0\" xmlns=\"http:\/\/www.w3.org\/2000\/svg\" viewBox=\"0 0 382.000000 382.000000\" preserveAspectRatio=\"xMidYMid meet\">\r\n                                <defs>\r\n                                    <linearGradient id=\"sub-icon2\" x1=\"0%\" y1=\"0%\" x2=\"0%\" y2=\"100%\">\r\n                                          <stop offset=\"0%\" style=\"stop-color:#0431b8;stop-opacity:1\" \/>\r\n                                          <stop offset=\"100%\" style=\"stop-color:#22d3ee;stop-opacity:1\" \/>\r\n                                    <\/linearGradient>\r\n                                  <\/defs>\r\n                                <g fill=\"url(#sub-icon2)\" transform=\"translate(0.000000,382.000000) scale(0.100000,-0.100000)\" fill=\"#000000\" stroke=\"none\"><path d=\"M1856 3797 c-20 -20 -23 -36 -29 -142 -50 -901 -761 -1612 -1662 -1662 -106 -6 -122 -9 -142 -29 -30 -30 -30 -78 0 -108 20 -20 36 -23 142 -29 901 -50 1612 -761 1662 -1662 6 -106 9 -122 29 -142 30 -30 78 -30 108 0 20 20 23 36 29 142 50 901 761 1612 1662 1662 106 6 122 9 142 29 30 30 30 78 0 108 -20 20 -36 23 -142 29 -901 50 -1612 761 -1662 1662 -6 106 -9 122 -29 142 -14 14 -35 23 -54 23 -19 0 -40 -9 -54 -23z\"\/><\/g>\r\n                            <\/svg>\r\n                            <svg version=\"1.0\" xmlns=\"http:\/\/www.w3.org\/2000\/svg\" viewBox=\"0 0 382.000000 382.000000\" preserveAspectRatio=\"xMidYMid meet\">\r\n                                <defs>\r\n                                    <linearGradient id=\"sub-icon3\" x1=\"0%\" y1=\"0%\" x2=\"0%\" y2=\"100%\">\r\n                                          <stop offset=\"0%\" style=\"stop-color:#0431b8;stop-opacity:1\" \/>\r\n                                          <stop offset=\"100%\" style=\"stop-color:#22d3ee;stop-opacity:1\" \/>\r\n                                    <\/linearGradient>\r\n                                  <\/defs>\r\n                                <g fill=\"url(#sub-icon3)\" transform=\"translate(0.000000,382.000000) scale(0.100000,-0.100000)\" fill=\"#000000\" stroke=\"none\"><path d=\"M1856 3797 c-20 -20 -23 -36 -29 -142 -50 -901 -761 -1612 -1662 -1662 -106 -6 -122 -9 -142 -29 -30 -30 -30 -78 0 -108 20 -20 36 -23 142 -29 901 -50 1612 -761 1662 -1662 6 -106 9 -122 29 -142 30 -30 78 -30 108 0 20 20 23 36 29 142 50 901 761 1612 1662 1662 106 6 122 9 142 29 30 30 30 78 0 108 -20 20 -36 23 -142 29 -901 50 -1612 761 -1662 1662 -6 106 -9 122 -29 142 -14 14 -35 23 -54 23 -19 0 -40 -9 -54 -23z\"\/><\/g>\r\n                            <\/svg>\r\n                        <\/div>\r\n                                        Notre Portfolio                <\/div>\r\n            <\/div>\r\n    \t        <h3 class=\"item--title  st-default \" data-wow-delay=\"ms\">\r\n            <span class=\"ct-text-inner\">Quelques r\u00e9alisations <small>dans notre galerie.<\/small><\/span>        <\/h3>\r\n    <\/div>\r\n<\/div>\t\t\t\t<\/div>\n\t\t\t\t<\/div>\n\t\t            <\/div>\n        <\/div>\n                <div class=\"elementor-column elementor-col-50 elementor-top-column elementor-element elementor-element-22242cce\" data-id=\"22242cce\" data-element_type=\"column\" data-e-type=\"column\">\n        <div class=\"elementor-widget-wrap elementor-element-populated\">\n                    \n        \t\t<div class=\"elementor-element elementor-element-a5736c4 elementor-widget elementor-widget-ct_text_editor\" data-id=\"a5736c4\" data-element_type=\"widget\" data-e-type=\"widget\" data-widget_type=\"ct_text_editor.default\">\n\t\t\t\t<div class=\"elementor-widget-container\">\n\t\t\t\t\t<div id=\"ct_text_editor-a5736c4\" class=\"ct-text-editor \" data-wow-delay=\"ms\">\n\t<div class=\"ct-item--inner\">\n\t\t<div class=\"ct-inline-css\"  data-css=\"\n\t        \t\t\t\">\n\n\t    <\/div>\n\t\t<div class=\"ct-text-editor elementor-clearfix\">\n\t\t\t<p><strong>Nous ne pr\u00e9sentons que les meilleures actions r\u00e9alis\u00e9es avec passion, simplicit\u00e9 et d\u00e9termination.<\/strong><\/p>\t\t\n\t\t<\/div>\n\t<\/div>\n<\/div>\t\t\t\t<\/div>\n\t\t\t\t<\/div>\n\t\t            <\/div>\n        <\/div>\n                    <\/div>\n        <\/section>\n                <section class=\"elementor-section elementor-top-section elementor-element elementor-element-19c0c749 elementor-section-boxed elementor-section-height-default elementor-section-height-default ct-header-fixed-none\" data-id=\"19c0c749\" data-element_type=\"section\" data-e-type=\"section\">\n            \n                        <div class=\"elementor-container elementor-column-gap-extended \">\n                    <div class=\"elementor-column elementor-col-100 elementor-top-column elementor-element elementor-element-75198b4c\" data-id=\"75198b4c\" data-element_type=\"column\" data-e-type=\"column\">\n        <div class=\"elementor-widget-wrap elementor-element-populated\">\n                    \n        \t\t<div class=\"elementor-element elementor-element-2346e7e0 elementor-widget elementor-widget-ct_portfolio_grid\" data-id=\"2346e7e0\" data-element_type=\"widget\" data-e-type=\"widget\" data-widget_type=\"ct_portfolio_grid.default\">\n\t\t\t\t<div class=\"elementor-widget-container\">\n\t\t\t\t\t\r\n<div id=\"ct_portfolio_grid-2346e7e0\" class=\"ct-grid ct-portfolio ct-portfolio-grid1\" data-layout=\"masonry\" data-start-page=\"1\" data-max-pages=\"1\" data-total=\"5\" data-perpage=\"8\" data-next-link=\"\">\r\n    <div class=\"ct-grid-overlay\"><\/div>\r\n            <div class=\"grid-filter-wrap\">\r\n            <span class=\"filter-item active\" data-filter=\"*\">All<\/span>\r\n                                                            \r\n                <span class=\"filter-item\" data-filter=\".bureau\">\r\n                    bureau                <\/span>\r\n                                                            \r\n                <span class=\"filter-item\" data-filter=\".cuisine\">\r\n                    Cuisine                <\/span>\r\n                                                            \r\n                <span class=\"filter-item\" data-filter=\".fenetre\">\r\n                    Fen\u00eatre                <\/span>\r\n                    <\/div>\r\n    \r\n    <div class=\"ct-grid-inner ct-grid-masonry row animate-time\" data-gutter=\"15\">\r\n                        <div class=\"grid-item col-xl-3 col-lg-3 col-md-6 col-sm-6 col-12 bureau cuisine fenetre\">\r\n                    <div class=\"grid-item-inner \" data-wow-duration=\"1.2s\">\r\n                                                    <div class=\"item--featured\">\r\n                                <img fetchpriority=\"high\" decoding=\"async\" class=\"no-lazyload \" src=\"https:\/\/meli-entretient.ca\/wp-content\/uploads\/2020\/10\/portfolio-03-370x370.jpg\" width=\"370\" height=\"370\" alt=\"portfolio-03\" title=\"portfolio-03\" \/>                            <\/div>\r\n                                                \r\n                        <div class=\"item--holder\">\r\n                                                            <div class=\"item--readmore\">\r\n                                    <a href=\"https:\/\/meli-entretient.ca\/fr\/portfolio\/nettoyage-exterieur\/\">+<\/a>\r\n                                <\/div>\r\n                                                        <div class=\"item--meta\">\r\n                                                                    <h3 class=\"item--title fs-title-sm\"><a href=\"https:\/\/meli-entretient.ca\/fr\/portfolio\/nettoyage-exterieur\/\">Nettoyage ext\u00e9rieur<\/a><\/h3>\r\n                                                                <div class=\"item--divider\"><span><\/span><\/div>\r\n                            <\/div>\r\n                        <\/div>\r\n                    <\/div>\r\n                <\/div>\r\n                            <div class=\"grid-item col-xl-3 col-lg-3 col-md-6 col-sm-6 col-12 bureau cuisine fenetre\">\r\n                    <div class=\"grid-item-inner \" data-wow-duration=\"1.2s\">\r\n                                                    <div class=\"item--featured\">\r\n                                <img decoding=\"async\" class=\"no-lazyload \" src=\"https:\/\/meli-entretient.ca\/wp-content\/uploads\/2020\/10\/portfolio-02-370x370.jpg\" width=\"370\" height=\"370\" alt=\"portfolio-02\" title=\"portfolio-02\" \/>                            <\/div>\r\n                                                \r\n                        <div class=\"item--holder\">\r\n                                                            <div class=\"item--readmore\">\r\n                                    <a href=\"https:\/\/meli-entretient.ca\/fr\/portfolio\/nettoyage-de-meubles\/\">+<\/a>\r\n                                <\/div>\r\n                                                        <div class=\"item--meta\">\r\n                                                                    <h3 class=\"item--title fs-title-sm\"><a href=\"https:\/\/meli-entretient.ca\/fr\/portfolio\/nettoyage-de-meubles\/\">Nettoyage de meubles<\/a><\/h3>\r\n                                                                <div class=\"item--divider\"><span><\/span><\/div>\r\n                            <\/div>\r\n                        <\/div>\r\n                    <\/div>\r\n                <\/div>\r\n                            <div class=\"grid-item col-xl-3 col-lg-3 col-md-6 col-sm-6 col-12 bureau cuisine fenetre\">\r\n                    <div class=\"grid-item-inner \" data-wow-duration=\"1.2s\">\r\n                                                    <div class=\"item--featured\">\r\n                                <img decoding=\"async\" class=\"no-lazyload \" src=\"https:\/\/meli-entretient.ca\/wp-content\/uploads\/2020\/10\/portfolio-01-370x370.jpg\" width=\"370\" height=\"370\" alt=\"portfolio-01\" title=\"portfolio-01\" \/>                            <\/div>\r\n                                                \r\n                        <div class=\"item--holder\">\r\n                                                            <div class=\"item--readmore\">\r\n                                    <a href=\"https:\/\/meli-entretient.ca\/fr\/portfolio\/nettoyage-de-cuisine\/\">+<\/a>\r\n                                <\/div>\r\n                                                        <div class=\"item--meta\">\r\n                                                                    <h3 class=\"item--title fs-title-sm\"><a href=\"https:\/\/meli-entretient.ca\/fr\/portfolio\/nettoyage-de-cuisine\/\">Nettoyage de cuisine<\/a><\/h3>\r\n                                                                <div class=\"item--divider\"><span><\/span><\/div>\r\n                            <\/div>\r\n                        <\/div>\r\n                    <\/div>\r\n                <\/div>\r\n                            <div class=\"grid-item col-xl-3 col-lg-3 col-md-6 col-sm-6 col-12 bureau cuisine fenetre\">\r\n                    <div class=\"grid-item-inner \" data-wow-duration=\"1.2s\">\r\n                                                    <div class=\"item--featured\">\r\n                                <img loading=\"lazy\" decoding=\"async\" class=\"no-lazyload \" src=\"https:\/\/meli-entretient.ca\/wp-content\/uploads\/2020\/08\/gallery2-370x370.jpg\" width=\"370\" height=\"370\" alt=\"gallery2\" title=\"gallery2\" \/>                            <\/div>\r\n                                                \r\n                        <div class=\"item--holder\">\r\n                                                            <div class=\"item--readmore\">\r\n                                    <a href=\"https:\/\/meli-entretient.ca\/fr\/portfolio\/nettoyage-des-portes\/\">+<\/a>\r\n                                <\/div>\r\n                                                        <div class=\"item--meta\">\r\n                                                                    <h3 class=\"item--title fs-title-sm\"><a href=\"https:\/\/meli-entretient.ca\/fr\/portfolio\/nettoyage-des-portes\/\">Nettoyage des portes<\/a><\/h3>\r\n                                                                <div class=\"item--divider\"><span><\/span><\/div>\r\n                            <\/div>\r\n                        <\/div>\r\n                    <\/div>\r\n                <\/div>\r\n                            <div class=\"grid-item col-xl-3 col-lg-3 col-md-6 col-sm-6 col-12 bureau cuisine fenetre\">\r\n                    <div class=\"grid-item-inner \" data-wow-duration=\"1.2s\">\r\n                                                    <div class=\"item--featured\">\r\n                                <img loading=\"lazy\" decoding=\"async\" class=\"no-lazyload \" src=\"https:\/\/meli-entretient.ca\/wp-content\/uploads\/2020\/10\/portfolio-04-370x370.jpg\" width=\"370\" height=\"370\" alt=\"portfolio-04\" title=\"portfolio-04\" \/>                            <\/div>\r\n                                                \r\n                        <div class=\"item--holder\">\r\n                                                            <div class=\"item--readmore\">\r\n                                    <a href=\"https:\/\/meli-entretient.ca\/fr\/portfolio\/nettoyage-de-la-vaisselle\/\">+<\/a>\r\n                                <\/div>\r\n                                                        <div class=\"item--meta\">\r\n                                                                    <h3 class=\"item--title fs-title-sm\"><a href=\"https:\/\/meli-entretient.ca\/fr\/portfolio\/nettoyage-de-la-vaisselle\/\">Nettoyage de la vaisselle<\/a><\/h3>\r\n                                                                <div class=\"item--divider\"><span><\/span><\/div>\r\n                            <\/div>\r\n                        <\/div>\r\n                    <\/div>\r\n                <\/div>\r\n                                <div class=\"grid-sizer col-xl-3 col-lg-3 col-md-6 col-sm-6 col-12\"><\/div>\r\n            <\/div>\r\n            <div class=\"ct-grid-pagination\" data-loadmore=\"{&quot;posttype&quot;:&quot;portfolio&quot;,&quot;startPage&quot;:1,&quot;maxPages&quot;:1,&quot;total&quot;:5,&quot;perpage&quot;:8,&quot;nextLink&quot;:&quot;&quot;,&quot;source&quot;:[&quot;bureau|portfolio-category&quot;,&quot;cuisine|portfolio-category&quot;,&quot;fenetre|portfolio-category&quot;],&quot;orderby&quot;:&quot;date&quot;,&quot;order&quot;:&quot;desc&quot;,&quot;limit&quot;:8,&quot;post_ids&quot;:&quot;&quot;,&quot;col_xl&quot;:3,&quot;col_lg&quot;:3,&quot;col_md&quot;:6,&quot;col_sm&quot;:6,&quot;col_xs&quot;:12,&quot;img_size&quot;:&quot;370x370&quot;,&quot;pagination_type&quot;:&quot;pagination&quot;,&quot;show_title&quot;:&quot;true&quot;,&quot;show_category&quot;:&quot;true&quot;,&quot;show_button&quot;:&quot;true&quot;,&quot;ct_animate&quot;:&quot;&quot;,&quot;template_type&quot;:&quot;portfolio_layout1&quot;,&quot;tax&quot;:[&quot;portfolio-category&quot;,&quot;portfolio-category&quot;,&quot;portfolio-category&quot;,&quot;portfolio-category&quot;]}\" data-query=\"{&quot;post_type&quot;:&quot;portfolio&quot;,&quot;post_status&quot;:&quot;publish&quot;,&quot;posts_per_page&quot;:8,&quot;order&quot;:&quot;desc&quot;,&quot;orderby&quot;:&quot;date&quot;,&quot;tax_query&quot;:{&quot;relation&quot;:&quot;OR&quot;,&quot;0&quot;:{&quot;taxonomy&quot;:&quot;portfolio-category&quot;,&quot;field&quot;:&quot;slug&quot;,&quot;operator&quot;:&quot;IN&quot;,&quot;terms&quot;:[&quot;bureau&quot;]},&quot;1&quot;:{&quot;taxonomy&quot;:&quot;portfolio-category&quot;,&quot;field&quot;:&quot;slug&quot;,&quot;operator&quot;:&quot;IN&quot;,&quot;terms&quot;:[&quot;cuisine&quot;]},&quot;2&quot;:{&quot;taxonomy&quot;:&quot;portfolio-category&quot;,&quot;field&quot;:&quot;slug&quot;,&quot;operator&quot;:&quot;IN&quot;,&quot;terms&quot;:[&quot;fenetre&quot;]}},&quot;post__not_in&quot;:[361]}\">\r\n                    <\/div>\r\n        <\/div>\t\t\t\t<\/div>\n\t\t\t\t<\/div>\n\t\t            <\/div>\n        <\/div>\n                    <\/div>\n        <\/section>\n        \t\t<\/div>\n\t\t","protected":false},"excerpt":{"rendered":"<p>Notre Portfolio Quelques r\u00e9alisations dans notre galerie. Nous ne pr\u00e9sentons que les meilleures actions r\u00e9alis\u00e9es avec passion, simplicit\u00e9 et d\u00e9termination. All bureau Cuisine Fen\u00eatre + Nettoyage ext\u00e9rieur + Nettoyage de meubles + Nettoyage de cuisine + Nettoyage des portes + Nettoyage de la vaisselle<\/p>\n","protected":false},"author":1,"featured_media":0,"parent":0,"menu_order":0,"comment_status":"closed","ping_status":"closed","template":"","meta":{"footnotes":""},"class_list":["post-361","page","type-page","status-publish","hentry"],"yoast_head":"<!-- This site is optimized with the Yoast SEO Premium plugin v22.3 (Yoast SEO v27.1.1) - https:\/\/yoast.com\/product\/yoast-seo-premium-wordpress\/ -->\n<title>Notre Portfolio - Meli Entretient Inc \ufe31 Housekeeping service, and efficient cleaning<\/title>\n<meta name=\"robots\" content=\"index, follow, max-snippet:-1, max-image-preview:large, max-video-preview:-1\" \/>\n<link rel=\"canonical\" href=\"https:\/\/meli-entretient.ca\/portfolio-grid\/\" \/>\n<meta property=\"og:locale\" content=\"fr_FR\" \/>\n<meta property=\"og:type\" content=\"article\" \/>\n<meta property=\"og:title\" content=\"Notre Portfolio\" \/>\n<meta property=\"og:description\" content=\"Notre Portfolio Quelques r\u00e9alisations dans notre galerie. Nous ne pr\u00e9sentons que les meilleures actions r\u00e9alis\u00e9es avec passion, simplicit\u00e9 et d\u00e9termination. All bureau Cuisine Fen\u00eatre + Nettoyage ext\u00e9rieur + Nettoyage de meubles + Nettoyage de cuisine + Nettoyage des portes + Nettoyage de la vaisselle\" \/>\n<meta property=\"og:url\" content=\"https:\/\/meli-entretient.ca\/portfolio-grid\/\" \/>\n<meta property=\"og:site_name\" content=\"Meli Entretient Inc \ufe31 Housekeeping service, and efficient cleaning\" \/>\n<meta property=\"article:modified_time\" content=\"2024-05-20T00:04:14+00:00\" \/>\n<meta property=\"og:image\" content=\"https:\/\/meli-entretient.ca\/wp-content\/uploads\/2020\/10\/portfolio-03-370x370.jpg\" \/>\n<meta name=\"twitter:card\" content=\"summary_large_image\" \/>\n<script type=\"application\/ld+json\" class=\"yoast-schema-graph\">{\"@context\":\"https:\/\/schema.org\",\"@graph\":[{\"@type\":\"WebPage\",\"@id\":\"https:\/\/meli-entretient.ca\/portfolio-grid\/\",\"url\":\"https:\/\/meli-entretient.ca\/portfolio-grid\/\",\"name\":\"Notre Portfolio - Meli Entretient Inc \ufe31 Housekeeping service, and efficient cleaning\",\"isPartOf\":{\"@id\":\"https:\/\/meli-entretient.ca\/#website\"},\"primaryImageOfPage\":{\"@id\":\"https:\/\/meli-entretient.ca\/portfolio-grid\/#primaryimage\"},\"image\":{\"@id\":\"https:\/\/meli-entretient.ca\/portfolio-grid\/#primaryimage\"},\"thumbnailUrl\":\"https:\/\/meli-entretient.ca\/wp-content\/uploads\/2020\/10\/portfolio-03-370x370.jpg\",\"datePublished\":\"2020-10-23T16:37:10+00:00\",\"dateModified\":\"2024-05-20T00:04:14+00:00\",\"breadcrumb\":{\"@id\":\"https:\/\/meli-entretient.ca\/portfolio-grid\/#breadcrumb\"},\"inLanguage\":\"fr-FR\",\"potentialAction\":[{\"@type\":\"ReadAction\",\"target\":[\"https:\/\/meli-entretient.ca\/portfolio-grid\/\"]}]},{\"@type\":\"ImageObject\",\"inLanguage\":\"fr-FR\",\"@id\":\"https:\/\/meli-entretient.ca\/portfolio-grid\/#primaryimage\",\"url\":\"https:\/\/meli-entretient.ca\/wp-content\/uploads\/2020\/10\/portfolio-03-370x370.jpg\",\"contentUrl\":\"https:\/\/meli-entretient.ca\/wp-content\/uploads\/2020\/10\/portfolio-03-370x370.jpg\"},{\"@type\":\"BreadcrumbList\",\"@id\":\"https:\/\/meli-entretient.ca\/portfolio-grid\/#breadcrumb\",\"itemListElement\":[{\"@type\":\"ListItem\",\"position\":1,\"name\":\"Home\",\"item\":\"https:\/\/meli-entretient.ca\/\"},{\"@type\":\"ListItem\",\"position\":2,\"name\":\"Notre Portfolio\"}]},{\"@type\":\"WebSite\",\"@id\":\"https:\/\/meli-entretient.ca\/#website\",\"url\":\"https:\/\/meli-entretient.ca\/\",\"name\":\"Meli Entretient Inc \ufe31 Housekeeping service, and efficient cleaning\",\"description\":\"Cleaning service home\",\"potentialAction\":[{\"@type\":\"SearchAction\",\"target\":{\"@type\":\"EntryPoint\",\"urlTemplate\":\"https:\/\/meli-entretient.ca\/?s={search_term_string}\"},\"query-input\":{\"@type\":\"PropertyValueSpecification\",\"valueRequired\":true,\"valueName\":\"search_term_string\"}}],\"inLanguage\":\"fr-FR\"}]}<\/script>\n<!-- \/ Yoast SEO Premium plugin. -->","yoast_head_json":{"title":"Notre Portfolio - Meli Entretient Inc \ufe31 Housekeeping service, and efficient cleaning","robots":{"index":"index","follow":"follow","max-snippet":"max-snippet:-1","max-image-preview":"max-image-preview:large","max-video-preview":"max-video-preview:-1"},"canonical":"https:\/\/meli-entretient.ca\/portfolio-grid\/","og_locale":"fr_FR","og_type":"article","og_title":"Notre Portfolio","og_description":"Notre Portfolio Quelques r\u00e9alisations dans notre galerie. Nous ne pr\u00e9sentons que les meilleures actions r\u00e9alis\u00e9es avec passion, simplicit\u00e9 et d\u00e9termination. All bureau Cuisine Fen\u00eatre + Nettoyage ext\u00e9rieur + Nettoyage de meubles + Nettoyage de cuisine + Nettoyage des portes + Nettoyage de la vaisselle","og_url":"https:\/\/meli-entretient.ca\/portfolio-grid\/","og_site_name":"Meli Entretient Inc \ufe31 Housekeeping service, and efficient cleaning","article_modified_time":"2024-05-20T00:04:14+00:00","og_image":[{"url":"https:\/\/meli-entretient.ca\/wp-content\/uploads\/2020\/10\/portfolio-03-370x370.jpg","type":"","width":"","height":""}],"twitter_card":"summary_large_image","schema":{"@context":"https:\/\/schema.org","@graph":[{"@type":"WebPage","@id":"https:\/\/meli-entretient.ca\/portfolio-grid\/","url":"https:\/\/meli-entretient.ca\/portfolio-grid\/","name":"Notre Portfolio - Meli Entretient Inc \ufe31 Housekeeping service, and efficient cleaning","isPartOf":{"@id":"https:\/\/meli-entretient.ca\/#website"},"primaryImageOfPage":{"@id":"https:\/\/meli-entretient.ca\/portfolio-grid\/#primaryimage"},"image":{"@id":"https:\/\/meli-entretient.ca\/portfolio-grid\/#primaryimage"},"thumbnailUrl":"https:\/\/meli-entretient.ca\/wp-content\/uploads\/2020\/10\/portfolio-03-370x370.jpg","datePublished":"2020-10-23T16:37:10+00:00","dateModified":"2024-05-20T00:04:14+00:00","breadcrumb":{"@id":"https:\/\/meli-entretient.ca\/portfolio-grid\/#breadcrumb"},"inLanguage":"fr-FR","potentialAction":[{"@type":"ReadAction","target":["https:\/\/meli-entretient.ca\/portfolio-grid\/"]}]},{"@type":"ImageObject","inLanguage":"fr-FR","@id":"https:\/\/meli-entretient.ca\/portfolio-grid\/#primaryimage","url":"https:\/\/meli-entretient.ca\/wp-content\/uploads\/2020\/10\/portfolio-03-370x370.jpg","contentUrl":"https:\/\/meli-entretient.ca\/wp-content\/uploads\/2020\/10\/portfolio-03-370x370.jpg"},{"@type":"BreadcrumbList","@id":"https:\/\/meli-entretient.ca\/portfolio-grid\/#breadcrumb","itemListElement":[{"@type":"ListItem","position":1,"name":"Home","item":"https:\/\/meli-entretient.ca\/"},{"@type":"ListItem","position":2,"name":"Notre Portfolio"}]},{"@type":"WebSite","@id":"https:\/\/meli-entretient.ca\/#website","url":"https:\/\/meli-entretient.ca\/","name":"Meli Entretient Inc \ufe31 Housekeeping service, and efficient cleaning","description":"Cleaning service home","potentialAction":[{"@type":"SearchAction","target":{"@type":"EntryPoint","urlTemplate":"https:\/\/meli-entretient.ca\/?s={search_term_string}"},"query-input":{"@type":"PropertyValueSpecification","valueRequired":true,"valueName":"search_term_string"}}],"inLanguage":"fr-FR"}]}},"_links":{"self":[{"href":"https:\/\/meli-entretient.ca\/fr\/wp-json\/wp\/v2\/pages\/361","targetHints":{"allow":["GET"]}}],"collection":[{"href":"https:\/\/meli-entretient.ca\/fr\/wp-json\/wp\/v2\/pages"}],"about":[{"href":"https:\/\/meli-entretient.ca\/fr\/wp-json\/wp\/v2\/types\/page"}],"author":[{"embeddable":true,"href":"https:\/\/meli-entretient.ca\/fr\/wp-json\/wp\/v2\/users\/1"}],"replies":[{"embeddable":true,"href":"https:\/\/meli-entretient.ca\/fr\/wp-json\/wp\/v2\/comments?post=361"}],"version-history":[{"count":7,"href":"https:\/\/meli-entretient.ca\/fr\/wp-json\/wp\/v2\/pages\/361\/revisions"}],"predecessor-version":[{"id":7669,"href":"https:\/\/meli-entretient.ca\/fr\/wp-json\/wp\/v2\/pages\/361\/revisions\/7669"}],"wp:attachment":[{"href":"https:\/\/meli-entretient.ca\/fr\/wp-json\/wp\/v2\/media?parent=361"}],"curies":[{"name":"wp","href":"https:\/\/api.w.org\/{rel}","templated":true}]}}